{"id":629,"date":"2024-08-14T07:19:03","date_gmt":"2024-08-14T07:19:03","guid":{"rendered":"https:\/\/weffragrances.com\/terms-conditions\/"},"modified":"2024-09-28T17:15:22","modified_gmt":"2024-09-28T17:15:22","slug":"terms-conditions","status":"publish","type":"page","link":"https:\/\/weffragrances.com\/es\/terms-conditions\/","title":{"rendered":"T\u00e9rminos y condiciones"},"content":{"rendered":"\n<p>T\u00e9rminos y condiciones<\/p>\n\n\n\n<p>\u00daltima actualizaci\u00f3n: 14 de agosto de 2024<\/p>\n\n\n\n<p>Lea atentamente estos t\u00e9rminos y condiciones antes de utilizar nuestro Servicio.<\/p>\n\n\n\n<p>Interpretaci\u00f3n y definiciones<\/p>\n\n\n\n<p>Interpretaci\u00f3n<\/p>\n\n\n\n<p>Las palabras cuya letra inicial est\u00e1 en may\u00fascula tienen significados definidos en las siguientes condiciones. Las siguientes definiciones tendr\u00e1n el mismo significado independientemente de si aparecen en singular o en plural.<\/p>\n\n\n\n<p>Definiciones<\/p>\n\n\n\n<p>A los efectos de estos T\u00e9rminos y condiciones:<\/p>\n\n\n\n<p>Afiliado significa una entidad que controla, est\u00e1 controlada por o est\u00e1 bajo control com\u00fan con una parte, donde \u00abcontrol\u00bb significa propiedad del 50% o m\u00e1s de las acciones, participaci\u00f3n accionaria u otros valores con derecho a voto para la elecci\u00f3n de directores u otra autoridad administrativa.<\/p>\n\n\n\n<p>Pa\u00eds se refiere a: Turqu\u00eda<\/p>\n\n\n\n<p>Compa\u00f1\u00eda (a la que se hace referencia como \u00abla Compa\u00f1\u00eda\u00bb, \u00abNosotros\u00bb, \u00abNos\u00bb o \u00abNuestro\u00bb en este Acuerdo) se refiere a wef.<\/p>\n\n\n\n<p>Dispositivo significa cualquier dispositivo que pueda acceder al Servicio, como una computadora, un tel\u00e9fono celular o una tableta digital.<\/p>\n\n\n\n<p>Servicio se refiere al Sitio web.<\/p>\n\n\n\n<p>T\u00e9rminos y condiciones (tambi\u00e9n denominados \u00abT\u00e9rminos\u00bb) significa estos T\u00e9rminos y condiciones que forman el acuerdo completo entre Usted y la Compa\u00f1\u00eda con respecto al uso del Servicio. Este acuerdo de T\u00e9rminos y condiciones se ha creado con la ayuda del Generador de t\u00e9rminos y condiciones.<\/p>\n\n\n\n<p>Servicio de redes sociales de terceros significa cualquier servicio o contenido (incluidos datos, informaci\u00f3n, productos o servicios) proporcionado por un tercero que puede mostrarse, incluirse o ponerse a disposici\u00f3n a trav\u00e9s del Servicio.<\/p>\n\n\n\n<p>Sitio web se refiere a wef, accesible desde weffragrances.com<\/p>\n\n\n\n<p>Usted significa la persona que accede o utiliza el Servicio, o la empresa u otra entidad legal en nombre de la cual dicha persona accede o utiliza el Servicio, seg\u00fan corresponda.<\/p>\n\n\n\n<h2 class=\"wp-block-heading\">Reconocimiento<\/h2>\n\n\n\n<p>Estos son los T\u00e9rminos y Condiciones que rigen el uso de este Servicio y el acuerdo que opera entre Usted y la Compa\u00f1\u00eda. Estos T\u00e9rminos y Condiciones establecen los derechos y obligaciones de todos los usuarios con respecto al uso del Servicio.<\/p>\n\n\n\n<p>Su acceso y uso del Servicio est\u00e1 condicionado a Su aceptaci\u00f3n y cumplimiento de estos T\u00e9rminos y Condiciones. Estos T\u00e9rminos y Condiciones se aplican a todos los visitantes, usuarios y otras personas que accedan o utilicen el Servicio.<\/p>\n\n\n\n<p>Al acceder o utilizar el Servicio, Usted acepta estar sujeto a estos T\u00e9rminos y Condiciones. Si no est\u00e1 de acuerdo con alguna parte de estos T\u00e9rminos y Condiciones, no podr\u00e1 acceder al Servicio.<\/p>\n\n\n\n<p>Usted declara que es mayor de 18 a\u00f1os. La Compa\u00f1\u00eda no permite que menores de 18 a\u00f1os utilicen el Servicio.<\/p>\n\n\n\n<p>Su acceso y uso del Servicio tambi\u00e9n est\u00e1 condicionado a Su aceptaci\u00f3n y cumplimiento de la Pol\u00edtica de Privacidad de la Compa\u00f1\u00eda. Nuestra Pol\u00edtica de Privacidad describe Nuestras pol\u00edticas y procedimientos sobre la recopilaci\u00f3n, uso y divulgaci\u00f3n de Su informaci\u00f3n personal cuando utiliza la Aplicaci\u00f3n o el Sitio Web y le informa sobre Sus derechos de privacidad y c\u00f3mo la ley lo protege. Lea atentamente nuestra Pol\u00edtica de privacidad antes de utilizar nuestro Servicio.<\/p>\n\n\n\n<p>Enlaces a otros sitios web<\/p>\n\n\n\n<p>Nuestro Servicio puede contener enlaces a sitios web o servicios de terceros que no son propiedad de la Compa\u00f1\u00eda ni est\u00e1n controlados por ella.<\/p>\n\n\n\n<p>La Compa\u00f1\u00eda no tiene control ni asume ninguna responsabilidad por el contenido, las pol\u00edticas de privacidad o las pr\u00e1cticas de sitios web o servicios de terceros. Adem\u00e1s, usted reconoce y acepta que la Compa\u00f1\u00eda no ser\u00e1 responsable, directa o indirectamente, de ning\u00fan da\u00f1o o p\u00e9rdida causados \u200b\u200bo supuestamente causados \u200b\u200bpor o en relaci\u00f3n con el uso o la confianza en dichos contenidos, bienes o servicios disponibles en o a trav\u00e9s de dichos sitios web o servicios.<\/p>\n\n\n\n<p>Le recomendamos encarecidamente que lea los t\u00e9rminos y condiciones y las pol\u00edticas de privacidad de los sitios web o servicios de terceros que visite.<\/p>\n\n\n\n<h2 class=\"wp-block-heading\">Terminaci\u00f3n<\/h2>\n\n\n\n<p>Podemos terminar o suspender su acceso inmediatamente, sin previo aviso ni responsabilidad, por cualquier motivo, incluido, entre otros, si usted incumple estos T\u00e9rminos y condiciones.<\/p>\n\n\n\n<p>Tras la terminaci\u00f3n, su derecho a utilizar el Servicio cesar\u00e1 inmediatamente.<\/p>\n\n\n\n<p>Limitaci\u00f3n de responsabilidad<\/p>\n\n\n\n<p>Sin perjuicio de los da\u00f1os que pueda sufrir, la responsabilidad total de la Compa\u00f1\u00eda y de cualquiera de sus proveedores en virtud de cualquier disposici\u00f3n de estos T\u00e9rminos y su recurso exclusivo por todo lo anterior se limitar\u00e1 al monto efectivamente pagado por usted a trav\u00e9s del Servicio o 100 USD si no ha comprado nada a trav\u00e9s del Servicio.<\/p>\n\n\n\n<p>En la medida m\u00e1xima permitida por la ley aplicable, en ning\u00fan caso la Compa\u00f1\u00eda o sus proveedores ser\u00e1n responsables de ning\u00fan da\u00f1o especial, incidental, indirecto o consecuente (incluidos, entre otros, da\u00f1os por p\u00e9rdida de ganancias, p\u00e9rdida de datos u otra informaci\u00f3n, por interrupci\u00f3n comercial, por lesiones personales, p\u00e9rdida de privacidad que surja de o est\u00e9 relacionada de alguna manera con el uso o la imposibilidad de usar el Servicio, software de terceros y\/o hardware de terceros utilizado con el Servicio, o de otro modo en relaci\u00f3n con cualquier disposici\u00f3n de estos T\u00e9rminos), incluso si la Compa\u00f1\u00eda o cualquier proveedor ha sido informado de la posibilidad de tales da\u00f1os e incluso si el recurso no cumple con su prop\u00f3sito esencial.<\/p>\n\n\n\n<p>Algunos estados no permiten la exclusi\u00f3n de garant\u00edas impl\u00edcitas o la limitaci\u00f3n de responsabilidad por da\u00f1os incidentales o consecuentes, lo que significa que algunas de las limitaciones anteriores pueden no aplicarse. En estos estados, la responsabilidad de cada parte estar\u00e1 limitada en la mayor medida permitida por la ley.<\/p>\n\n\n\n<h2 class=\"wp-block-heading\">Descargo de responsabilidad \u00abTAL CUAL\u00bb y \u00abSEG\u00daN DISPONIBILIDAD\u00bb<\/h2>\n\n\n\n<p>El Servicio se le proporciona \u00abTAL CUAL\u00bb y \u00abSEG\u00daN DISPONIBILIDAD\u00bb y con todos los defectos y fallas sin garant\u00eda de ning\u00fan tipo. En la medida m\u00e1xima permitida por la ley aplicable, la Compa\u00f1\u00eda, en su propio nombre y en nombre de sus Afiliadas y sus respectivos licenciantes y proveedores de servicios, renuncia expresamente a todas las garant\u00edas, ya sean expresas, impl\u00edcitas, estatutarias o de otro tipo, con respecto al Servicio, incluidas todas las garant\u00edas impl\u00edcitas de comerciabilidad, idoneidad para un prop\u00f3sito particular, t\u00edtulo y no infracci\u00f3n, y garant\u00edas que puedan surgir del curso de la negociaci\u00f3n, el curso del desempe\u00f1o, el uso o la pr\u00e1ctica comercial. Sin limitaci\u00f3n a lo anterior, la Compa\u00f1\u00eda no ofrece garant\u00eda ni compromiso, y no hace ninguna declaraci\u00f3n de ning\u00fan tipo de que el Servicio cumplir\u00e1 con sus requisitos, lograr\u00e1 los resultados previstos, ser\u00e1 compatible o funcionar\u00e1 con cualquier otro software, aplicaci\u00f3n, sistema o servicio, funcionar\u00e1 sin interrupciones, cumplir\u00e1 con los est\u00e1ndares de rendimiento o confiabilidad o estar\u00e1 libre de errores o que cualquier error o defecto puede o ser\u00e1 corregido.<\/p>\n\n\n\n<p>Sin limitar lo anterior, ni la Compa\u00f1\u00eda ni ninguno de los proveedores de la Compa\u00f1\u00eda hace ninguna representaci\u00f3n o garant\u00eda de ning\u00fan tipo, expresa o impl\u00edcita: (i) en cuanto al funcionamiento o disponibilidad del Servicio, o la informaci\u00f3n, contenido y materiales o productos incluidos en el mismo; (ii) que el Servicio ser\u00e1 ininterrumpido o libre de errores; (iii) en cuanto a la precisi\u00f3n, confiabilidad o actualidad de cualquier informaci\u00f3n o contenido proporcionado a trav\u00e9s del Servicio; o (iv) que el Servicio, sus servidores, el contenido o los correos electr\u00f3nicos enviados desde o en nombre de la Compa\u00f1\u00eda est\u00e1n libres de virus, scripts, troyanos, gusanos, malware, bombas de tiempo u otros componentes da\u00f1inos.<\/p>\n\n\n\n<p>Algunas jurisdicciones no permiten la exclusi\u00f3n de ciertos tipos de garant\u00edas o limitaciones sobre los derechos legales aplicables de un consumidor, por lo que algunas o todas las exclusiones y limitaciones anteriores pueden no aplicarse en su caso. Sin embargo, en tal caso, las exclusiones y limitaciones establecidas en esta secci\u00f3n se aplicar\u00e1n en la mayor medida posible seg\u00fan la ley aplicable.<\/p>\n\n\n\n<p>Ley aplicable<\/p>\n\n\n\n<p>Las leyes del pa\u00eds, con exclusi\u00f3n de sus normas sobre conflictos de leyes, regir\u00e1n estos T\u00e9rminos y su uso del Servicio. Su uso de la Aplicaci\u00f3n tambi\u00e9n puede estar sujeto a otras leyes locales, estatales, nacionales o internacionales.<\/p>\n\n\n\n<p>Resoluci\u00f3n de disputas<\/p>\n\n\n\n<p>Si tiene alguna inquietud o disputa sobre el Servicio, acepta primero intentar resolver la disputa de manera informal comunic\u00e1ndose con la Compa\u00f1\u00eda.<\/p>\n\n\n\n<h2 class=\"wp-block-heading\">Para usuarios de la Uni\u00f3n Europea (UE)<\/h2>\n\n\n\n<p>Si es un consumidor de la Uni\u00f3n Europea, se beneficiar\u00e1 de todas las disposiciones obligatorias de la ley del pa\u00eds en el que reside.<\/p>\n\n\n\n<p>Cumplimiento legal de los Estados Unidos<\/p>\n\n\n\n<p>Declara y garantiza que (i) no se encuentra en un pa\u00eds que est\u00e9 sujeto al embargo del gobierno de los Estados Unidos o que haya sido designado por el gobierno de los Estados Unidos como un pa\u00eds que \u00abapoya el terrorismo\u00bb y (ii) no figura en ninguna lista del gobierno de los Estados Unidos de partes prohibidas o restringidas.<\/p>\n\n\n\n<p>Divisibilidad y renuncia<\/p>\n\n\n\n<p>Divisibilidad<\/p>\n\n\n\n<h3 class=\"wp-block-heading\">Si alguna disposici\u00f3n de estos T\u00e9rminos se considera inaplicable o inv\u00e1lida, dicha disposici\u00f3n se cambiar\u00e1 e interpretar\u00e1 para lograr los objetivos de dicha disposici\u00f3n en la mayor medida posible seg\u00fan la ley aplicable y las disposiciones restantes continuar\u00e1n en pleno vigor y efecto.Waiver<\/h3>\n\n\n\n<p>Salvo lo dispuesto en el presente documento, el hecho de no ejercer un derecho o de no exigir el cumplimiento de una obligaci\u00f3n en virtud de estos T\u00e9rminos no afectar\u00e1 la capacidad de una parte de ejercer dicho derecho o exigir dicho cumplimiento en cualquier momento posterior, ni la renuncia a un incumplimiento constituir\u00e1 una renuncia a cualquier incumplimiento posterior.<\/p>\n\n\n\n<p>Traducci\u00f3n Interpretaci\u00f3n<\/p>\n\n\n\n<p>Estos T\u00e9rminos y Condiciones pueden haberse traducido si los hemos puesto a su disposici\u00f3n en nuestro Servicio. Usted acepta que el texto original en ingl\u00e9s prevalecer\u00e1 en caso de una disputa.<\/p>\n\n\n\n<p>Cambios a estos T\u00e9rminos y Condiciones<\/p>\n\n\n\n<p>Nos reservamos el derecho, a nuestra exclusiva discreci\u00f3n, de modificar o reemplazar estos T\u00e9rminos en cualquier momento. Si una revisi\u00f3n es sustancial, haremos todos los esfuerzos razonables para proporcionar un aviso con al menos 30 d\u00edas de anticipaci\u00f3n antes de que entren en vigencia los nuevos t\u00e9rminos. Lo que constituye un cambio sustancial se determinar\u00e1 a nuestra exclusiva discreci\u00f3n.<\/p>\n\n\n\n<p>Al continuar accediendo o utilizando Nuestro Servicio despu\u00e9s de que dichas revisiones entren en vigencia, Usted acepta estar sujeto a los t\u00e9rminos revisados. Si no acepta los nuevos t\u00e9rminos, en su totalidad o en parte, deje de usar el sitio web y el Servicio.<\/p>\n\n\n\n<p>Cont\u00e1ctenos<\/p>\n\n\n\n<p>Si tiene alguna pregunta sobre estos T\u00e9rminos y Condiciones, puede contactarnos:<\/p>\n\n\n\n<p>Por correo electr\u00f3nico: info@weffragrances.com<\/p>\n","protected":false},"excerpt":{"rendered":"<p>T\u00e9rminos y condiciones \u00daltima actualizaci\u00f3n: 14 de agosto de 2024 Lea atentamente estos t\u00e9rminos y condiciones antes de utilizar nuestro Servicio. Interpretaci\u00f3n y definiciones Interpretaci\u00f3n Las palabras cuya letra inicial est\u00e1 en may\u00fascula tienen significados definidos en las siguientes condiciones. Las siguientes definiciones tendr\u00e1n el mismo significado independientemente de si aparecen en singular o en [&hellip;]<\/p>\n","protected":false},"author":1,"featured_media":0,"parent":0,"menu_order":0,"comment_status":"closed","ping_status":"closed","template":"","meta":{"_acf_changed":false,"footnotes":""},"class_list":["post-629","page","type-page","status-publish","hentry"],"acf":[],"_links":{"self":[{"href":"https:\/\/weffragrances.com\/es\/wp-json\/wp\/v2\/pages\/629","targetHints":{"allow":["GET"]}}],"collection":[{"href":"https:\/\/weffragrances.com\/es\/wp-json\/wp\/v2\/pages"}],"about":[{"href":"https:\/\/weffragrances.com\/es\/wp-json\/wp\/v2\/types\/page"}],"author":[{"embeddable":true,"href":"https:\/\/weffragrances.com\/es\/wp-json\/wp\/v2\/users\/1"}],"replies":[{"embeddable":true,"href":"https:\/\/weffragrances.com\/es\/wp-json\/wp\/v2\/comments?post=629"}],"version-history":[{"count":1,"href":"https:\/\/weffragrances.com\/es\/wp-json\/wp\/v2\/pages\/629\/revisions"}],"predecessor-version":[{"id":664,"href":"https:\/\/weffragrances.com\/es\/wp-json\/wp\/v2\/pages\/629\/revisions\/664"}],"wp:attachment":[{"href":"https:\/\/weffragrances.com\/es\/wp-json\/wp\/v2\/media?parent=629"}],"curies":[{"name":"wp","href":"https:\/\/api.w.org\/{rel}","templated":true}]}}