{"id":632,"date":"2024-08-13T19:54:37","date_gmt":"2024-08-13T19:54:37","guid":{"rendered":"https:\/\/weffragrances.com\/about-us\/"},"modified":"2024-09-28T17:05:50","modified_gmt":"2024-09-28T17:05:50","slug":"about-us","status":"publish","type":"page","link":"https:\/\/weffragrances.com\/es\/about-us\/","title":{"rendered":"Sobre Nosotros"},"content":{"rendered":"\t\t<div data-elementor-type=\"wp-page\" data-elementor-id=\"632\" class=\"elementor elementor-632 elementor-219\" data-elementor-post-type=\"page\">\n\t\t\t\t<div class=\"elementor-element elementor-element-35b47183 e-con-full e-flex e-con e-parent\" data-id=\"35b47183\" data-element_type=\"container\">\n\t\t\t\t<div class=\"elementor-element elementor-element-2320d362 elementor-widget elementor-widget-image\" data-id=\"2320d362\" data-element_type=\"widget\" data-widget_type=\"image.default\">\n\t\t\t\t<div class=\"elementor-widget-container\">\n\t\t\t\t\t\t\t\t\t\t\t\t\t\t\t<img fetchpriority=\"high\" decoding=\"async\" width=\"1279\" height=\"652\" src=\"https:\/\/weffragrances.com\/wp-content\/uploads\/2024\/08\/about-us.png\" class=\"attachment-full size-full wp-image-222\" alt=\"\" srcset=\"https:\/\/weffragrances.com\/wp-content\/uploads\/2024\/08\/about-us.png 1279w, https:\/\/weffragrances.com\/wp-content\/uploads\/2024\/08\/about-us-300x153.png 300w, https:\/\/weffragrances.com\/wp-content\/uploads\/2024\/08\/about-us-1024x522.png 1024w, https:\/\/weffragrances.com\/wp-content\/uploads\/2024\/08\/about-us-768x392.png 768w\" sizes=\"(max-width: 1279px) 100vw, 1279px\" \/>\t\t\t\t\t\t\t\t\t\t\t\t\t\t\t<\/div>\n\t\t\t\t<\/div>\n\t\t\t\t<\/div>\n\t\t<div class=\"elementor-element elementor-element-6cd425c6 e-con-full e-flex e-con e-parent\" data-id=\"6cd425c6\" data-element_type=\"container\">\n\t\t<div class=\"elementor-element elementor-element-230a3597 e-con-full e-flex e-con e-child\" data-id=\"230a3597\" data-element_type=\"container\">\n\t\t\t\t<div class=\"elementor-element elementor-element-5d8a0e53 elementor-invisible elementor-widget elementor-widget-heading\" data-id=\"5d8a0e53\" data-element_type=\"widget\" data-settings=\"{&quot;_animation&quot;:&quot;fadeInUp&quot;}\" data-widget_type=\"heading.default\">\n\t\t\t\t<div class=\"elementor-widget-container\">\n\t\t\t\t\t<h2 class=\"elementor-heading-title elementor-size-default\">Nuestra historia<\/h2>\t\t\t\t<\/div>\n\t\t\t\t<\/div>\n\t\t\t\t<div class=\"elementor-element elementor-element-6d763861 elementor-invisible elementor-widget elementor-widget-heading\" data-id=\"6d763861\" data-element_type=\"widget\" data-settings=\"{&quot;_animation&quot;:&quot;fadeInUp&quot;}\" data-widget_type=\"heading.default\">\n\t\t\t\t<div class=\"elementor-widget-container\">\n\t\t\t\t\t<p class=\"elementor-heading-title elementor-size-default\">Founded in [Year], WEF: World Europe Fragrances has\nbecome a leading name in the fragrance industry.\nWith a passion for innovation and a commitment to\nquality, we blend science and art to create scents that\ndelight and inspire.<\/p>\t\t\t\t<\/div>\n\t\t\t\t<\/div>\n\t\t\t\t<\/div>\n\t\t<div class=\"elementor-element elementor-element-5ec66278 e-con-full e-flex e-con e-child\" data-id=\"5ec66278\" data-element_type=\"container\" data-settings=\"{&quot;background_background&quot;:&quot;classic&quot;}\">\n\t\t<div class=\"elementor-element elementor-element-4784d5e5 e-con-full e-flex elementor-invisible e-con e-child\" data-id=\"4784d5e5\" data-element_type=\"container\" data-settings=\"{&quot;background_background&quot;:&quot;classic&quot;,&quot;animation&quot;:&quot;fadeInRight&quot;}\">\n\t\t\t\t<\/div>\n\t\t\t\t<\/div>\n\t\t\t\t<\/div>\n\t\t<div class=\"elementor-element elementor-element-752c488a e-con-full e-flex e-con e-parent\" data-id=\"752c488a\" data-element_type=\"container\">\n\t\t<div class=\"elementor-element elementor-element-63593851 e-con-full e-flex e-con e-child\" data-id=\"63593851\" data-element_type=\"container\" data-settings=\"{&quot;background_background&quot;:&quot;classic&quot;}\">\n\t\t<div class=\"elementor-element elementor-element-278122d4 e-con-full e-flex elementor-invisible e-con e-child\" data-id=\"278122d4\" data-element_type=\"container\" data-settings=\"{&quot;background_background&quot;:&quot;classic&quot;,&quot;animation&quot;:&quot;fadeInLeft&quot;}\">\n\t\t\t\t<\/div>\n\t\t\t\t<\/div>\n\t\t<div class=\"elementor-element elementor-element-56d1f6a1 e-con-full e-flex e-con e-child\" data-id=\"56d1f6a1\" data-element_type=\"container\">\n\t\t\t\t<div class=\"elementor-element elementor-element-69de19cd elementor-invisible elementor-widget elementor-widget-heading\" data-id=\"69de19cd\" data-element_type=\"widget\" data-settings=\"{&quot;_animation&quot;:&quot;fadeInUp&quot;}\" data-widget_type=\"heading.default\">\n\t\t\t\t<div class=\"elementor-widget-container\">\n\t\t\t\t\t<h2 class=\"elementor-heading-title elementor-size-default\">Nuestra misi\u00f3n<\/h2>\t\t\t\t<\/div>\n\t\t\t\t<\/div>\n\t\t\t\t<div class=\"elementor-element elementor-element-17056f16 elementor-invisible elementor-widget elementor-widget-heading\" data-id=\"17056f16\" data-element_type=\"widget\" data-settings=\"{&quot;_animation&quot;:&quot;fadeInUp&quot;}\" data-widget_type=\"heading.default\">\n\t\t\t\t<div class=\"elementor-widget-container\">\n\t\t\t\t\t<p class=\"elementor-heading-title elementor-size-default\">Ofrecer soluciones de fragancias excepcionales que\nmejoren la experiencia sensorial de los productos\nde uso cotidiano, fomentando una sensaci\u00f3n de bienestar y\nlujo.<\/p>\t\t\t\t<\/div>\n\t\t\t\t<\/div>\n\t\t\t\t<\/div>\n\t\t\t\t<\/div>\n\t\t<div class=\"elementor-element elementor-element-10056668 e-con-full e-flex e-con e-parent\" data-id=\"10056668\" data-element_type=\"container\">\n\t\t<div class=\"elementor-element elementor-element-941d31e e-con-full e-flex e-con e-child\" data-id=\"941d31e\" data-element_type=\"container\">\n\t\t\t\t<div class=\"elementor-element elementor-element-2c846b60 elementor-invisible elementor-widget elementor-widget-heading\" data-id=\"2c846b60\" data-element_type=\"widget\" data-settings=\"{&quot;_animation&quot;:&quot;fadeInUp&quot;}\" data-widget_type=\"heading.default\">\n\t\t\t\t<div class=\"elementor-widget-container\">\n\t\t\t\t\t<h2 class=\"elementor-heading-title elementor-size-default\">Nuestra visi\u00f3n<\/h2>\t\t\t\t<\/div>\n\t\t\t\t<\/div>\n\t\t\t\t<div class=\"elementor-element elementor-element-7a9239bb elementor-invisible elementor-widget elementor-widget-heading\" data-id=\"7a9239bb\" data-element_type=\"widget\" data-settings=\"{&quot;_animation&quot;:&quot;fadeInUp&quot;}\" data-widget_type=\"heading.default\">\n\t\t\t\t<div class=\"elementor-widget-container\">\n\t\t\t\t\t<p class=\"elementor-heading-title elementor-size-default\">Ser el socio preferido para soluciones de fragancias\nen todo el mundo, conocido por nuestra creatividad, confiabilidad y\nsostenibilidad.<\/p>\t\t\t\t<\/div>\n\t\t\t\t<\/div>\n\t\t\t\t<\/div>\n\t\t<div class=\"elementor-element elementor-element-7d5490f e-con-full e-flex e-con e-child\" data-id=\"7d5490f\" data-element_type=\"container\" data-settings=\"{&quot;background_background&quot;:&quot;classic&quot;}\">\n\t\t<div class=\"elementor-element elementor-element-5bde5839 e-con-full e-flex elementor-invisible e-con e-child\" data-id=\"5bde5839\" data-element_type=\"container\" data-settings=\"{&quot;background_background&quot;:&quot;classic&quot;,&quot;animation&quot;:&quot;fadeInRight&quot;}\">\n\t\t\t\t<\/div>\n\t\t\t\t<\/div>\n\t\t\t\t<\/div>\n\t\t<div class=\"elementor-element elementor-element-ecae632 e-flex e-con-boxed e-con e-parent\" data-id=\"ecae632\" data-element_type=\"container\">\n\t\t\t\t\t<div class=\"e-con-inner\">\n\t\t\t\t<div class=\"elementor-element elementor-element-44dc6eb elementor-widget-divider--view-line elementor-widget elementor-widget-divider\" data-id=\"44dc6eb\" data-element_type=\"widget\" data-widget_type=\"divider.default\">\n\t\t\t\t<div class=\"elementor-widget-container\">\n\t\t\t\t\t\t\t<div class=\"elementor-divider\">\n\t\t\t<span class=\"elementor-divider-separator\">\n\t\t\t\t\t\t<\/span>\n\t\t<\/div>\n\t\t\t\t\t\t<\/div>\n\t\t\t\t<\/div>\n\t\t\t\t<div class=\"elementor-element elementor-element-5a2feb2 elementor-invisible elementor-widget elementor-widget-heading\" data-id=\"5a2feb2\" data-element_type=\"widget\" data-settings=\"{&quot;_animation&quot;:&quot;fadeInUp&quot;}\" data-widget_type=\"heading.default\">\n\t\t\t\t<div class=\"elementor-widget-container\">\n\t\t\t\t\t<h2 class=\"elementor-heading-title elementor-size-default\">Nuestras valores<\/h2>\t\t\t\t<\/div>\n\t\t\t\t<\/div>\n\t\t\t\t\t<\/div>\n\t\t\t\t<\/div>\n\t\t<div class=\"elementor-element elementor-element-552f855 e-con-full e-flex e-con e-parent\" data-id=\"552f855\" data-element_type=\"container\">\n\t\t<div class=\"elementor-element elementor-element-7f5c6eb e-con-full e-flex e-con e-child\" data-id=\"7f5c6eb\" data-element_type=\"container\" data-settings=\"{&quot;background_background&quot;:&quot;classic&quot;}\">\n\t\t<div class=\"elementor-element elementor-element-9bf238f e-con-full Hover_Effect e-flex elementor-invisible e-con e-child\" data-id=\"9bf238f\" data-element_type=\"container\" data-settings=\"{&quot;background_background&quot;:&quot;classic&quot;,&quot;animation&quot;:&quot;fadeInLeft&quot;}\">\n\t\t\t\t<div class=\"elementor-element elementor-element-61c1d8c elementor-invisible elementor-widget elementor-widget-heading\" data-id=\"61c1d8c\" data-element_type=\"widget\" data-settings=\"{&quot;_animation&quot;:&quot;fadeInUp&quot;}\" data-widget_type=\"heading.default\">\n\t\t\t\t<div class=\"elementor-widget-container\">\n\t\t\t\t\t<h2 class=\"elementor-heading-title elementor-size-default\">Innovaci\u00f3n<\/h2>\t\t\t\t<\/div>\n\t\t\t\t<\/div>\n\t\t\t\t<div class=\"elementor-element elementor-element-be5e0cd elementor-invisible elementor-widget elementor-widget-heading\" data-id=\"be5e0cd\" data-element_type=\"widget\" data-settings=\"{&quot;_animation&quot;:&quot;fadeInUp&quot;}\" data-widget_type=\"heading.default\">\n\t\t\t\t<div class=\"elementor-widget-container\">\n\t\t\t\t\t<p class=\"elementor-heading-title elementor-size-default\">Ampliando continuamente los l\u00edmites de la creaci\u00f3n de fragancias.<\/p>\t\t\t\t<\/div>\n\t\t\t\t<\/div>\n\t\t\t\t<\/div>\n\t\t\t\t<\/div>\n\t\t<div class=\"elementor-element elementor-element-af1327b e-con-full e-flex e-con e-child\" data-id=\"af1327b\" data-element_type=\"container\" data-settings=\"{&quot;background_background&quot;:&quot;classic&quot;}\">\n\t\t<div class=\"elementor-element elementor-element-625dee4 e-con-full Hover_Effect e-flex elementor-invisible e-con e-child\" data-id=\"625dee4\" data-element_type=\"container\" data-settings=\"{&quot;background_background&quot;:&quot;classic&quot;,&quot;animation&quot;:&quot;fadeInRight&quot;}\">\n\t\t\t\t<div class=\"elementor-element elementor-element-3984977 elementor-invisible elementor-widget elementor-widget-heading\" data-id=\"3984977\" data-element_type=\"widget\" data-settings=\"{&quot;_animation&quot;:&quot;fadeInUp&quot;}\" data-widget_type=\"heading.default\">\n\t\t\t\t<div class=\"elementor-widget-container\">\n\t\t\t\t\t<h2 class=\"elementor-heading-title elementor-size-default\">Enfoque al cliente<\/h2>\t\t\t\t<\/div>\n\t\t\t\t<\/div>\n\t\t\t\t<div class=\"elementor-element elementor-element-eeabbfa elementor-invisible elementor-widget elementor-widget-heading\" data-id=\"eeabbfa\" data-element_type=\"widget\" data-settings=\"{&quot;_animation&quot;:&quot;fadeInUp&quot;}\" data-widget_type=\"heading.default\">\n\t\t\t\t<div class=\"elementor-widget-container\">\n\t\t\t\t\t<p class=\"elementor-heading-title elementor-size-default\">Construyendo relaciones duraderas a trav\u00e9s de un servicio excepcional.<\/p>\t\t\t\t<\/div>\n\t\t\t\t<\/div>\n\t\t\t\t<\/div>\n\t\t\t\t<\/div>\n\t\t\t\t<\/div>\n\t\t<div class=\"elementor-element elementor-element-d2f566d e-con-full e-flex e-con e-parent\" data-id=\"d2f566d\" data-element_type=\"container\">\n\t\t<div class=\"elementor-element elementor-element-20d67ac e-con-full e-flex e-con e-child\" data-id=\"20d67ac\" data-element_type=\"container\" data-settings=\"{&quot;background_background&quot;:&quot;classic&quot;}\">\n\t\t<div class=\"elementor-element elementor-element-9343e2c e-con-full Hover_Effect e-flex elementor-invisible e-con e-child\" data-id=\"9343e2c\" data-element_type=\"container\" data-settings=\"{&quot;background_background&quot;:&quot;classic&quot;,&quot;animation&quot;:&quot;fadeInLeft&quot;}\">\n\t\t\t\t<div class=\"elementor-element elementor-element-21e4df8 elementor-invisible elementor-widget elementor-widget-heading\" data-id=\"21e4df8\" data-element_type=\"widget\" data-settings=\"{&quot;_animation&quot;:&quot;fadeInUp&quot;}\" data-widget_type=\"heading.default\">\n\t\t\t\t<div class=\"elementor-widget-container\">\n\t\t\t\t\t<h2 class=\"elementor-heading-title elementor-size-default\">Calidad<\/h2>\t\t\t\t<\/div>\n\t\t\t\t<\/div>\n\t\t\t\t<div class=\"elementor-element elementor-element-04bc5ba elementor-invisible elementor-widget elementor-widget-heading\" data-id=\"04bc5ba\" data-element_type=\"widget\" data-settings=\"{&quot;_animation&quot;:&quot;fadeInUp&quot;}\" data-widget_type=\"heading.default\">\n\t\t\t\t<div class=\"elementor-widget-container\">\n\t\t\t\t\t<p class=\"elementor-heading-title elementor-size-default\">Garantizamos que cada aroma cumple con los m\u00e1s altos est\u00e1ndares.<\/p>\t\t\t\t<\/div>\n\t\t\t\t<\/div>\n\t\t\t\t<\/div>\n\t\t\t\t<\/div>\n\t\t<div class=\"elementor-element elementor-element-58015af e-con-full e-flex e-con e-child\" data-id=\"58015af\" data-element_type=\"container\" data-settings=\"{&quot;background_background&quot;:&quot;classic&quot;}\">\n\t\t<div class=\"elementor-element elementor-element-72dff85 e-con-full Hover_Effect e-flex elementor-invisible e-con e-child\" data-id=\"72dff85\" data-element_type=\"container\" data-settings=\"{&quot;background_background&quot;:&quot;classic&quot;,&quot;animation&quot;:&quot;fadeInRight&quot;}\">\n\t\t\t\t<div class=\"elementor-element elementor-element-6b09668 elementor-invisible elementor-widget elementor-widget-heading\" data-id=\"6b09668\" data-element_type=\"widget\" data-settings=\"{&quot;_animation&quot;:&quot;fadeInUp&quot;}\" data-widget_type=\"heading.default\">\n\t\t\t\t<div class=\"elementor-widget-container\">\n\t\t\t\t\t<h2 class=\"elementor-heading-title elementor-size-default\">Sostenibilidad<\/h2>\t\t\t\t<\/div>\n\t\t\t\t<\/div>\n\t\t\t\t<div class=\"elementor-element elementor-element-b4d8b35 elementor-invisible elementor-widget elementor-widget-heading\" data-id=\"b4d8b35\" data-element_type=\"widget\" data-settings=\"{&quot;_animation&quot;:&quot;fadeInUp&quot;}\" data-widget_type=\"heading.default\">\n\t\t\t\t<div class=\"elementor-widget-container\">\n\t\t\t\t\t<p class=\"elementor-heading-title elementor-size-default\">Comprometidos con pr\u00e1cticas ecol\u00f3gicas en todo lo que hacemos.<\/p>\t\t\t\t<\/div>\n\t\t\t\t<\/div>\n\t\t\t\t<\/div>\n\t\t\t\t<\/div>\n\t\t\t\t<\/div>\n\t\t<div class=\"elementor-element elementor-element-d300475 e-flex e-con-boxed e-con e-parent\" data-id=\"d300475\" data-element_type=\"container\">\n\t\t\t\t\t<div class=\"e-con-inner\">\n\t\t\t\t<div class=\"elementor-element elementor-element-5a002de elementor-invisible elementor-widget elementor-widget-heading\" data-id=\"5a002de\" data-element_type=\"widget\" data-settings=\"{&quot;_animation&quot;:&quot;fadeInUp&quot;}\" data-widget_type=\"heading.default\">\n\t\t\t\t<div class=\"elementor-widget-container\">\n\t\t\t\t\t<h2 class=\"elementor-heading-title elementor-size-default\">AUTOMATIZACI\u00d3N<\/h2>\t\t\t\t<\/div>\n\t\t\t\t<\/div>\n\t\t\t\t<div class=\"elementor-element elementor-element-375eb36 elementor-invisible elementor-widget elementor-widget-heading\" data-id=\"375eb36\" data-element_type=\"widget\" data-settings=\"{&quot;_animation&quot;:&quot;fadeInUp&quot;}\" data-widget_type=\"heading.default\">\n\t\t\t\t<div class=\"elementor-widget-container\">\n\t\t\t\t\t<p class=\"elementor-heading-title elementor-size-default\">Nuestro sistema de producci\u00f3n est\u00e1 formado por sistemas autom\u00e1ticos y semiautom\u00e1ticos robotizados con tecnolog\u00eda Roxane\nque permite la m\u00e1xima precisi\u00f3n y seguridad, garantizando que nuestras fragancias cumplen en todo momento\ncon todos los requisitos y calidad acordada con nuestros clientes.<\/p>\t\t\t\t<\/div>\n\t\t\t\t<\/div>\n\t\t\t\t<div class=\"elementor-element elementor-element-b4641e7 elementor-invisible elementor-widget elementor-widget-image\" data-id=\"b4641e7\" data-element_type=\"widget\" data-settings=\"{&quot;_animation&quot;:&quot;fadeIn&quot;}\" data-widget_type=\"image.default\">\n\t\t\t\t<div class=\"elementor-widget-container\">\n\t\t\t\t\t\t\t\t\t\t\t\t\t\t\t<img decoding=\"async\" width=\"1000\" height=\"523\" src=\"https:\/\/weffragrances.com\/wp-content\/uploads\/2024\/08\/automation.jpg\" class=\"attachment-full size-full wp-image-534\" alt=\"\" srcset=\"https:\/\/weffragrances.com\/wp-content\/uploads\/2024\/08\/automation.jpg 1000w, https:\/\/weffragrances.com\/wp-content\/uploads\/2024\/08\/automation-300x157.jpg 300w, https:\/\/weffragrances.com\/wp-content\/uploads\/2024\/08\/automation-768x402.jpg 768w\" sizes=\"(max-width: 1000px) 100vw, 1000px\" \/>\t\t\t\t\t\t\t\t\t\t\t\t\t\t\t<\/div>\n\t\t\t\t<\/div>\n\t\t\t\t\t<\/div>\n\t\t\t\t<\/div>\n\t\t\t\t<\/div>\n\t\t","protected":false},"excerpt":{"rendered":"<p>Nuestra historia Founded in [Year], WEF: World Europe Fragrances has become a leading name in the fragrance industry. With a passion for innovation and a commitment to quality, we blend science and art to create scents that delight and inspire. Nuestra misi\u00f3n Ofrecer soluciones de fragancias excepcionales que mejoren la experiencia sensorial de los productos [&hellip;]<\/p>\n","protected":false},"author":1,"featured_media":0,"parent":0,"menu_order":0,"comment_status":"closed","ping_status":"closed","template":"elementor_header_footer","meta":{"_acf_changed":false,"footnotes":""},"class_list":["post-632","page","type-page","status-publish","hentry"],"acf":[],"_links":{"self":[{"href":"https:\/\/weffragrances.com\/es\/wp-json\/wp\/v2\/pages\/632","targetHints":{"allow":["GET"]}}],"collection":[{"href":"https:\/\/weffragrances.com\/es\/wp-json\/wp\/v2\/pages"}],"about":[{"href":"https:\/\/weffragrances.com\/es\/wp-json\/wp\/v2\/types\/page"}],"author":[{"embeddable":true,"href":"https:\/\/weffragrances.com\/es\/wp-json\/wp\/v2\/users\/1"}],"replies":[{"embeddable":true,"href":"https:\/\/weffragrances.com\/es\/wp-json\/wp\/v2\/comments?post=632"}],"version-history":[{"count":4,"href":"https:\/\/weffragrances.com\/es\/wp-json\/wp\/v2\/pages\/632\/revisions"}],"predecessor-version":[{"id":653,"href":"https:\/\/weffragrances.com\/es\/wp-json\/wp\/v2\/pages\/632\/revisions\/653"}],"wp:attachment":[{"href":"https:\/\/weffragrances.com\/es\/wp-json\/wp\/v2\/media?parent=632"}],"curies":[{"name":"wp","href":"https:\/\/api.w.org\/{rel}","templated":true}]}}