{"id":633,"date":"2024-08-13T19:48:58","date_gmt":"2024-08-13T19:48:58","guid":{"rendered":"https:\/\/weffragrances.com\/products\/"},"modified":"2024-09-28T16:50:07","modified_gmt":"2024-09-28T16:50:07","slug":"products","status":"publish","type":"page","link":"https:\/\/weffragrances.com\/es\/products\/","title":{"rendered":"PRODUCTOS"},"content":{"rendered":"\t\t<div data-elementor-type=\"wp-page\" data-elementor-id=\"633\" class=\"elementor elementor-633 elementor-209\" data-elementor-post-type=\"page\">\n\t\t\t\t<div class=\"elementor-element elementor-element-d71a439 e-con-full e-flex e-con e-parent\" data-id=\"d71a439\" data-element_type=\"container\">\n\t\t\t\t<div class=\"elementor-element elementor-element-3cdfd218 elementor-widget elementor-widget-image\" data-id=\"3cdfd218\" data-element_type=\"widget\" data-widget_type=\"image.default\">\n\t\t\t\t<div class=\"elementor-widget-container\">\n\t\t\t\t\t\t\t\t\t\t\t\t\t\t\t<img fetchpriority=\"high\" decoding=\"async\" width=\"1281\" height=\"654\" src=\"https:\/\/weffragrances.com\/wp-content\/uploads\/2024\/08\/products.png\" class=\"attachment-full size-full wp-image-215\" alt=\"\" srcset=\"https:\/\/weffragrances.com\/wp-content\/uploads\/2024\/08\/products.png 1281w, https:\/\/weffragrances.com\/wp-content\/uploads\/2024\/08\/products-300x153.png 300w, https:\/\/weffragrances.com\/wp-content\/uploads\/2024\/08\/products-1024x523.png 1024w, https:\/\/weffragrances.com\/wp-content\/uploads\/2024\/08\/products-768x392.png 768w\" sizes=\"(max-width: 1281px) 100vw, 1281px\" \/>\t\t\t\t\t\t\t\t\t\t\t\t\t\t\t<\/div>\n\t\t\t\t<\/div>\n\t\t\t\t<\/div>\n\t\t<div class=\"elementor-element elementor-element-78b7ce64 e-con-full e-flex e-con e-parent\" data-id=\"78b7ce64\" data-element_type=\"container\">\n\t\t<div class=\"elementor-element elementor-element-1bcbef94 e-con-full e-flex e-con e-child\" data-id=\"1bcbef94\" data-element_type=\"container\">\n\t\t\t\t<div class=\"elementor-element elementor-element-5230c2d2 elementor-invisible elementor-widget elementor-widget-heading\" data-id=\"5230c2d2\" data-element_type=\"widget\" data-settings=\"{&quot;_animation&quot;:&quot;fadeInUp&quot;}\" data-widget_type=\"heading.default\">\n\t\t\t\t<div class=\"elementor-widget-container\">\n\t\t\t\t\t<h2 class=\"elementor-heading-title elementor-size-default\">Industria de detergentes<\/h2>\t\t\t\t<\/div>\n\t\t\t\t<\/div>\n\t\t\t\t<div class=\"elementor-element elementor-element-6acf4f25 elementor-invisible elementor-widget elementor-widget-heading\" data-id=\"6acf4f25\" data-element_type=\"widget\" data-settings=\"{&quot;_animation&quot;:&quot;fadeInUp&quot;}\" data-widget_type=\"heading.default\">\n\t\t\t\t<div class=\"elementor-widget-container\">\n\t\t\t\t\t<h3 class=\"elementor-heading-title elementor-size-default\">Mejora tus productos de limpieza con nuestros aromas<\/h3>\t\t\t\t<\/div>\n\t\t\t\t<\/div>\n\t\t\t\t<div class=\"elementor-element elementor-element-6ca74dde elementor-invisible elementor-widget elementor-widget-heading\" data-id=\"6ca74dde\" data-element_type=\"widget\" data-settings=\"{&quot;_animation&quot;:&quot;fadeInUp&quot;}\" data-widget_type=\"heading.default\">\n\t\t\t\t<div class=\"elementor-widget-container\">\n\t\t\t\t\t<p class=\"elementor-heading-title elementor-size-default\">Nuestras fragancias est\u00e1n dise\u00f1adas para agregar un aroma fresco y duradero a sus productos de limpieza, lo que garantiza una\nexperiencia de limpieza agradable. Elija entre una variedad de\naromas que se pueden personalizar para que coincidan con la\nidentidad de su marca.<\/p>\t\t\t\t<\/div>\n\t\t\t\t<\/div>\n\t\t\t\t<\/div>\n\t\t<div class=\"elementor-element elementor-element-2cfe1a1b e-con-full e-flex e-con e-child\" data-id=\"2cfe1a1b\" data-element_type=\"container\" data-settings=\"{&quot;background_background&quot;:&quot;classic&quot;}\">\n\t\t<div class=\"elementor-element elementor-element-76a575e4 e-con-full e-flex elementor-invisible e-con e-child\" data-id=\"76a575e4\" data-element_type=\"container\" data-settings=\"{&quot;background_background&quot;:&quot;classic&quot;,&quot;animation&quot;:&quot;fadeInRight&quot;}\">\n\t\t\t\t<\/div>\n\t\t\t\t<\/div>\n\t\t\t\t<\/div>\n\t\t<div class=\"elementor-element elementor-element-20bfd638 e-con-full e-flex e-con e-parent\" data-id=\"20bfd638\" data-element_type=\"container\">\n\t\t<div class=\"elementor-element elementor-element-6e7fed00 e-con-full e-flex e-con e-child\" data-id=\"6e7fed00\" data-element_type=\"container\" data-settings=\"{&quot;background_background&quot;:&quot;classic&quot;}\">\n\t\t<div class=\"elementor-element elementor-element-7d03c111 e-con-full e-flex elementor-invisible e-con e-child\" data-id=\"7d03c111\" data-element_type=\"container\" data-settings=\"{&quot;background_background&quot;:&quot;classic&quot;,&quot;animation&quot;:&quot;fadeInLeft&quot;}\">\n\t\t\t\t<\/div>\n\t\t\t\t<\/div>\n\t\t<div class=\"elementor-element elementor-element-35669d21 e-con-full e-flex e-con e-child\" data-id=\"35669d21\" data-element_type=\"container\">\n\t\t\t\t<div class=\"elementor-element elementor-element-2e56c181 elementor-invisible elementor-widget elementor-widget-heading\" data-id=\"2e56c181\" data-element_type=\"widget\" data-settings=\"{&quot;_animation&quot;:&quot;fadeInUp&quot;}\" data-widget_type=\"heading.default\">\n\t\t\t\t<div class=\"elementor-widget-container\">\n\t\t\t\t\t<h2 class=\"elementor-heading-title elementor-size-default\">Industria cosm\u00e9tica<\/h2>\t\t\t\t<\/div>\n\t\t\t\t<\/div>\n\t\t\t\t<div class=\"elementor-element elementor-element-e4602ba elementor-invisible elementor-widget elementor-widget-heading\" data-id=\"e4602ba\" data-element_type=\"widget\" data-settings=\"{&quot;_animation&quot;:&quot;fadeInUp&quot;}\" data-widget_type=\"heading.default\">\n\t\t\t\t<div class=\"elementor-widget-container\">\n\t\t\t\t\t<h3 class=\"elementor-heading-title elementor-size-default\">Eleve el nivel de sus productos de belleza<\/h3>\t\t\t\t<\/div>\n\t\t\t\t<\/div>\n\t\t\t\t<div class=\"elementor-element elementor-element-3635ae13 elementor-invisible elementor-widget elementor-widget-heading\" data-id=\"3635ae13\" data-element_type=\"widget\" data-settings=\"{&quot;_animation&quot;:&quot;fadeInUp&quot;}\" data-widget_type=\"heading.default\">\n\t\t\t\t<div class=\"elementor-widget-container\">\n\t\t\t\t\t<p class=\"elementor-heading-title elementor-size-default\">Desde el cuidado de la piel hasta el cuidado del cabello, nuestras fragancias a\u00f1aden un\ntoque lujoso a todos los productos cosm\u00e9ticos. Nuestro equipo\ntrabaja en estrecha colaboraci\u00f3n con usted para desarrollar aromas que\ncomplementen y mejoren la eficacia de sus\nproductos<\/p>\t\t\t\t<\/div>\n\t\t\t\t<\/div>\n\t\t\t\t<\/div>\n\t\t\t\t<\/div>\n\t\t<div class=\"elementor-element elementor-element-2ada656b e-con-full e-flex e-con e-parent\" data-id=\"2ada656b\" data-element_type=\"container\">\n\t\t<div class=\"elementor-element elementor-element-15c78afa e-con-full e-flex e-con e-child\" data-id=\"15c78afa\" data-element_type=\"container\">\n\t\t\t\t<div class=\"elementor-element elementor-element-3451cb77 elementor-invisible elementor-widget elementor-widget-heading\" data-id=\"3451cb77\" data-element_type=\"widget\" data-settings=\"{&quot;_animation&quot;:&quot;fadeInUp&quot;}\" data-widget_type=\"heading.default\">\n\t\t\t\t<div class=\"elementor-widget-container\">\n\t\t\t\t\t<h2 class=\"elementor-heading-title elementor-size-default\">Perfumes personales<\/h2>\t\t\t\t<\/div>\n\t\t\t\t<\/div>\n\t\t\t\t<div class=\"elementor-element elementor-element-73906679 elementor-invisible elementor-widget elementor-widget-heading\" data-id=\"73906679\" data-element_type=\"widget\" data-settings=\"{&quot;_animation&quot;:&quot;fadeInUp&quot;}\" data-widget_type=\"heading.default\">\n\t\t\t\t<div class=\"elementor-widget-container\">\n\t\t\t\t\t<h3 class=\"elementor-heading-title elementor-size-default\">Crea impresiones inolvidables<\/h3>\t\t\t\t<\/div>\n\t\t\t\t<\/div>\n\t\t\t\t<div class=\"elementor-element elementor-element-1641c5a1 elementor-invisible elementor-widget elementor-widget-heading\" data-id=\"1641c5a1\" data-element_type=\"widget\" data-settings=\"{&quot;_animation&quot;:&quot;fadeInUp&quot;}\" data-widget_type=\"heading.default\">\n\t\t\t\t<div class=\"elementor-widget-container\">\n\t\t\t\t\t<p class=\"elementor-heading-title elementor-size-default\">Nuestra gama de perfumes personales est\u00e1 elaborada con precisi\u00f3n\ny creatividad, y ofrece una selecci\u00f3n de aromas exclusivos\nque satisfacen distintos gustos. Ya sea que necesite una\nfragancia cl\u00e1sica o algo m\u00e1s contempor\u00e1neo,\ntenemos la experiencia para satisfacerla.<\/p>\t\t\t\t<\/div>\n\t\t\t\t<\/div>\n\t\t\t\t<\/div>\n\t\t<div class=\"elementor-element elementor-element-7f19e169 e-con-full e-flex e-con e-child\" data-id=\"7f19e169\" data-element_type=\"container\" data-settings=\"{&quot;background_background&quot;:&quot;classic&quot;}\">\n\t\t<div class=\"elementor-element elementor-element-4e4db2e9 e-con-full e-flex elementor-invisible e-con e-child\" data-id=\"4e4db2e9\" data-element_type=\"container\" data-settings=\"{&quot;background_background&quot;:&quot;classic&quot;,&quot;animation&quot;:&quot;fadeInRight&quot;}\">\n\t\t\t\t<\/div>\n\t\t\t\t<\/div>\n\t\t\t\t<\/div>\n\t\t<div class=\"elementor-element elementor-element-62a4684 e-con-full e-flex e-con e-parent\" data-id=\"62a4684\" data-element_type=\"container\">\n\t\t<div class=\"elementor-element elementor-element-1b27452 e-con-full e-flex e-con e-child\" data-id=\"1b27452\" data-element_type=\"container\" data-settings=\"{&quot;background_background&quot;:&quot;classic&quot;}\">\n\t\t<div class=\"elementor-element elementor-element-52852e5 e-con-full e-flex elementor-invisible e-con e-child\" data-id=\"52852e5\" data-element_type=\"container\" data-settings=\"{&quot;background_background&quot;:&quot;classic&quot;,&quot;animation&quot;:&quot;fadeInLeft&quot;}\">\n\t\t\t\t<\/div>\n\t\t\t\t<\/div>\n\t\t<div class=\"elementor-element elementor-element-b9c5cbe e-con-full e-flex e-con e-child\" data-id=\"b9c5cbe\" data-element_type=\"container\">\n\t\t\t\t<div class=\"elementor-element elementor-element-853f5cd elementor-invisible elementor-widget elementor-widget-heading\" data-id=\"853f5cd\" data-element_type=\"widget\" data-settings=\"{&quot;_animation&quot;:&quot;fadeInUp&quot;}\" data-widget_type=\"heading.default\">\n\t\t\t\t<div class=\"elementor-widget-container\">\n\t\t\t\t\t<h2 class=\"elementor-heading-title elementor-size-default\">Tecnolog\u00edas de fragancias<\/h2>\t\t\t\t<\/div>\n\t\t\t\t<\/div>\n\t\t\t\t<div class=\"elementor-element elementor-element-88d67d4 elementor-invisible elementor-widget elementor-widget-heading\" data-id=\"88d67d4\" data-element_type=\"widget\" data-settings=\"{&quot;_animation&quot;:&quot;fadeInUp&quot;}\" data-widget_type=\"heading.default\">\n\t\t\t\t<div class=\"elementor-widget-container\">\n\t\t\t\t\t<h3 class=\"elementor-heading-title elementor-size-default\">IVOCA CAPS<\/h3>\t\t\t\t<\/div>\n\t\t\t\t<\/div>\n\t\t\t\t<div class=\"elementor-element elementor-element-1c52324 elementor-invisible elementor-widget elementor-widget-heading\" data-id=\"1c52324\" data-element_type=\"widget\" data-settings=\"{&quot;_animation&quot;:&quot;fadeInUp&quot;}\" data-widget_type=\"heading.default\">\n\t\t\t\t<div class=\"elementor-widget-container\">\n\t\t\t\t\t<p class=\"elementor-heading-title elementor-size-default\">wef cuenta con un departamento interno de tecnolog\u00edas de fragancias\nque consta de cient\u00edficos especializados en la\ninvestigaci\u00f3n y el an\u00e1lisis de olores y fragancias. Nuestros\nclientes pueden contar con el conocimiento de nuestros expertos\npara mejorar el rendimiento de sus fragancias, en cualquier\netapa de uso y en cualquier aplicaci\u00f3n. Desde el cuidado del\nambiente hasta el cuidado de la ropa, descubra nuestra gama de\ntecnolog\u00edas exclusivas dise\u00f1adas a medida para mejorar la\neficacia de su fragancia y mejorar el rendimiento del usuario.<\/p>\t\t\t\t<\/div>\n\t\t\t\t<\/div>\n\t\t\t\t<div class=\"elementor-element elementor-element-ccb498a elementor-invisible elementor-widget elementor-widget-heading\" data-id=\"ccb498a\" data-element_type=\"widget\" data-settings=\"{&quot;_animation&quot;:&quot;fadeInUp&quot;}\" data-widget_type=\"heading.default\">\n\t\t\t\t<div class=\"elementor-widget-container\">\n\t\t\t\t\t<h3 class=\"elementor-heading-title elementor-size-default\">Puede contar con nosotros para mantener su marca relevante\ny a la vanguardia de los \u00faltimos avances de la\nindustria<\/h3>\t\t\t\t<\/div>\n\t\t\t\t<\/div>\n\t\t\t\t<\/div>\n\t\t\t\t<\/div>\n\t\t<div class=\"elementor-element elementor-element-5a7b17e e-con-full e-flex e-con e-parent\" data-id=\"5a7b17e\" data-element_type=\"container\">\n\t\t<div class=\"elementor-element elementor-element-fdb42e4 e-con-full e-flex e-con e-child\" data-id=\"fdb42e4\" data-element_type=\"container\">\n\t\t\t\t<div class=\"elementor-element elementor-element-f51b06a elementor-invisible elementor-widget elementor-widget-heading\" data-id=\"f51b06a\" data-element_type=\"widget\" data-settings=\"{&quot;_animation&quot;:&quot;fadeInUp&quot;}\" data-widget_type=\"heading.default\">\n\t\t\t\t<div class=\"elementor-widget-container\">\n\t\t\t\t\t<h2 class=\"elementor-heading-title elementor-size-default\">Fragancia fina<\/h2>\t\t\t\t<\/div>\n\t\t\t\t<\/div>\n\t\t\t\t<div class=\"elementor-element elementor-element-3c6a5c6 elementor-invisible elementor-widget elementor-widget-heading\" data-id=\"3c6a5c6\" data-element_type=\"widget\" data-settings=\"{&quot;_animation&quot;:&quot;fadeInUp&quot;}\" data-widget_type=\"heading.default\">\n\t\t\t\t<div class=\"elementor-widget-container\">\n\t\t\t\t\t<h3 class=\"elementor-heading-title elementor-size-default\">Experimente el lujo en cada gota<\/h3>\t\t\t\t<\/div>\n\t\t\t\t<\/div>\n\t\t\t\t<div class=\"elementor-element elementor-element-5a5c772 elementor-invisible elementor-widget elementor-widget-heading\" data-id=\"5a5c772\" data-element_type=\"widget\" data-settings=\"{&quot;_animation&quot;:&quot;fadeInUp&quot;}\" data-widget_type=\"heading.default\">\n\t\t\t\t<div class=\"elementor-widget-container\">\n\t\t\t\t\t<p class=\"elementor-heading-title elementor-size-default\">Nuestra colecci\u00f3n de fragancias finas encarna la elegancia, la sofisticaci\u00f3n y el encanto atemporal. Cada fragancia, elaborada meticulosamente por maestros perfumistas, cuenta una historia \u00fanica y captura emociones y momentos que resuenan con gustos refinados. Ya sea que est\u00e9 buscando un aroma emblem\u00e1tico o una creaci\u00f3n personalizada que diferencie su marca, nuestras fragancias finas ofrecen una experiencia sensorial incomparable que perdura en la memoria y en la piel.<\/p>\t\t\t\t<\/div>\n\t\t\t\t<\/div>\n\t\t\t\t<\/div>\n\t\t<div class=\"elementor-element elementor-element-a4db7f8 e-con-full e-flex e-con e-child\" data-id=\"a4db7f8\" data-element_type=\"container\" data-settings=\"{&quot;background_background&quot;:&quot;classic&quot;}\">\n\t\t<div class=\"elementor-element elementor-element-8ec6c4e e-con-full e-flex elementor-invisible e-con e-child\" data-id=\"8ec6c4e\" data-element_type=\"container\" data-settings=\"{&quot;background_background&quot;:&quot;classic&quot;,&quot;animation&quot;:&quot;fadeInRight&quot;}\">\n\t\t\t\t<\/div>\n\t\t\t\t<\/div>\n\t\t\t\t<\/div>\n\t\t<div class=\"elementor-element elementor-element-5834f67 e-con-full e-flex e-con e-parent\" data-id=\"5834f67\" data-element_type=\"container\">\n\t\t<div class=\"elementor-element elementor-element-f90b601 e-con-full e-flex e-con e-child\" data-id=\"f90b601\" data-element_type=\"container\" data-settings=\"{&quot;background_background&quot;:&quot;classic&quot;}\">\n\t\t<div class=\"elementor-element elementor-element-891eac5 e-con-full e-flex elementor-invisible e-con e-child\" data-id=\"891eac5\" data-element_type=\"container\" data-settings=\"{&quot;background_background&quot;:&quot;classic&quot;,&quot;animation&quot;:&quot;fadeInLeft&quot;}\">\n\t\t\t\t<\/div>\n\t\t\t\t<\/div>\n\t\t<div class=\"elementor-element elementor-element-20d19aa e-con-full e-flex e-con e-child\" data-id=\"20d19aa\" data-element_type=\"container\">\n\t\t\t\t<div class=\"elementor-element elementor-element-e8b9928 elementor-invisible elementor-widget elementor-widget-heading\" data-id=\"e8b9928\" data-element_type=\"widget\" data-settings=\"{&quot;_animation&quot;:&quot;fadeInUp&quot;}\" data-widget_type=\"heading.default\">\n\t\t\t\t<div class=\"elementor-widget-container\">\n\t\t\t\t\t<h2 class=\"elementor-heading-title elementor-size-default\">Perfumes orientales<\/h2>\t\t\t\t<\/div>\n\t\t\t\t<\/div>\n\t\t\t\t<div class=\"elementor-element elementor-element-06c51a7 elementor-invisible elementor-widget elementor-widget-heading\" data-id=\"06c51a7\" data-element_type=\"widget\" data-settings=\"{&quot;_animation&quot;:&quot;fadeInUp&quot;}\" data-widget_type=\"heading.default\">\n\t\t\t\t<div class=\"elementor-widget-container\">\n\t\t\t\t\t<h3 class=\"elementor-heading-title elementor-size-default\">Un viaje a trav\u00e9s de aromas ex\u00f3ticos<\/h3>\t\t\t\t<\/div>\n\t\t\t\t<\/div>\n\t\t\t\t<div class=\"elementor-element elementor-element-74dccb7 elementor-invisible elementor-widget elementor-widget-heading\" data-id=\"74dccb7\" data-element_type=\"widget\" data-settings=\"{&quot;_animation&quot;:&quot;fadeInUp&quot;}\" data-widget_type=\"heading.default\">\n\t\t\t\t<div class=\"elementor-widget-container\">\n\t\t\t\t\t<p class=\"elementor-heading-title elementor-size-default\">Sum\u00e9rgete en el rico y encantador mundo de los perfumes orientales, donde la tradici\u00f3n se encuentra con la innovaci\u00f3n. Nuestras fragancias orientales est\u00e1n inspiradas en la m\u00edstica de Oriente, combinando ingredientes preciosos como el oud, el \u00e1mbar, el almizcle y especias raras para crear aromas profundos, c\u00e1lidos y cautivadores. Estos perfumes est\u00e1n dise\u00f1ados para evocar una sensaci\u00f3n de lujo y misterio, brindando una experiencia de fragancia inolvidable que habla al alma. Perfecto para quienes buscan un perfil de aroma atrevido y distintivo que trascienda el tiempo y las tendencias.<\/p>\t\t\t\t<\/div>\n\t\t\t\t<\/div>\n\t\t\t\t<\/div>\n\t\t\t\t<\/div>\n\t\t\t\t<\/div>\n\t\t","protected":false},"excerpt":{"rendered":"<p>Industria de detergentes Mejora tus productos de limpieza con nuestros aromas Nuestras fragancias est\u00e1n dise\u00f1adas para agregar un aroma fresco y duradero a sus productos de limpieza, lo que garantiza una experiencia de limpieza agradable. Elija entre una variedad de aromas que se pueden personalizar para que coincidan con la identidad de su marca. Industria [&hellip;]<\/p>\n","protected":false},"author":1,"featured_media":0,"parent":0,"menu_order":0,"comment_status":"closed","ping_status":"closed","template":"elementor_header_footer","meta":{"_acf_changed":false,"footnotes":""},"class_list":["post-633","page","type-page","status-publish","hentry"],"acf":[],"_links":{"self":[{"href":"https:\/\/weffragrances.com\/es\/wp-json\/wp\/v2\/pages\/633","targetHints":{"allow":["GET"]}}],"collection":[{"href":"https:\/\/weffragrances.com\/es\/wp-json\/wp\/v2\/pages"}],"about":[{"href":"https:\/\/weffragrances.com\/es\/wp-json\/wp\/v2\/types\/page"}],"author":[{"embeddable":true,"href":"https:\/\/weffragrances.com\/es\/wp-json\/wp\/v2\/users\/1"}],"replies":[{"embeddable":true,"href":"https:\/\/weffragrances.com\/es\/wp-json\/wp\/v2\/comments?post=633"}],"version-history":[{"count":4,"href":"https:\/\/weffragrances.com\/es\/wp-json\/wp\/v2\/pages\/633\/revisions"}],"predecessor-version":[{"id":649,"href":"https:\/\/weffragrances.com\/es\/wp-json\/wp\/v2\/pages\/633\/revisions\/649"}],"wp:attachment":[{"href":"https:\/\/weffragrances.com\/es\/wp-json\/wp\/v2\/media?parent=633"}],"curies":[{"name":"wp","href":"https:\/\/api.w.org\/{rel}","templated":true}]}}