{"id":635,"date":"2024-08-13T19:08:04","date_gmt":"2024-08-13T19:08:04","guid":{"rendered":"https:\/\/weffragrances.com\/sustainability\/"},"modified":"2024-09-28T17:11:57","modified_gmt":"2024-09-28T17:11:57","slug":"sustainability","status":"publish","type":"page","link":"https:\/\/weffragrances.com\/es\/sustainability\/","title":{"rendered":"Sostenibilidad"},"content":{"rendered":"\t\t<div data-elementor-type=\"wp-page\" data-elementor-id=\"635\" class=\"elementor elementor-635 elementor-101\" data-elementor-post-type=\"page\">\n\t\t\t\t<div class=\"elementor-element elementor-element-31c0cdc5 e-con-full e-flex e-con e-parent\" data-id=\"31c0cdc5\" data-element_type=\"container\">\n\t\t\t\t<div class=\"elementor-element elementor-element-57283d8e elementor-widget elementor-widget-image\" data-id=\"57283d8e\" data-element_type=\"widget\" data-widget_type=\"image.default\">\n\t\t\t\t<div class=\"elementor-widget-container\">\n\t\t\t\t\t\t\t\t\t\t\t\t\t\t\t<img fetchpriority=\"high\" decoding=\"async\" width=\"1281\" height=\"655\" src=\"https:\/\/weffragrances.com\/wp-content\/uploads\/2024\/08\/Sustainability-cover.jpg\" class=\"attachment-full size-full wp-image-104\" alt=\"\" srcset=\"https:\/\/weffragrances.com\/wp-content\/uploads\/2024\/08\/Sustainability-cover.jpg 1281w, https:\/\/weffragrances.com\/wp-content\/uploads\/2024\/08\/Sustainability-cover-300x153.jpg 300w, https:\/\/weffragrances.com\/wp-content\/uploads\/2024\/08\/Sustainability-cover-1024x524.jpg 1024w, https:\/\/weffragrances.com\/wp-content\/uploads\/2024\/08\/Sustainability-cover-768x393.jpg 768w\" sizes=\"(max-width: 1281px) 100vw, 1281px\" \/>\t\t\t\t\t\t\t\t\t\t\t\t\t\t\t<\/div>\n\t\t\t\t<\/div>\n\t\t\t\t<\/div>\n\t\t<div class=\"elementor-element elementor-element-66d7c1de e-flex e-con-boxed e-con e-parent\" data-id=\"66d7c1de\" data-element_type=\"container\">\n\t\t\t\t\t<div class=\"e-con-inner\">\n\t\t\t\t<div class=\"elementor-element elementor-element-7231fc67 elementor-invisible elementor-widget elementor-widget-heading\" data-id=\"7231fc67\" data-element_type=\"widget\" data-settings=\"{&quot;_animation&quot;:&quot;fadeInUp&quot;}\" data-widget_type=\"heading.default\">\n\t\t\t\t<div class=\"elementor-widget-container\">\n\t\t\t\t\t<h1 class=\"elementor-heading-title elementor-size-default\">Sostenibilidad<\/h1>\t\t\t\t<\/div>\n\t\t\t\t<\/div>\n\t\t\t\t<div class=\"elementor-element elementor-element-313149dd elementor-invisible elementor-widget elementor-widget-image\" data-id=\"313149dd\" data-element_type=\"widget\" data-settings=\"{&quot;_animation&quot;:&quot;fadeIn&quot;}\" data-widget_type=\"image.default\">\n\t\t\t\t<div class=\"elementor-widget-container\">\n\t\t\t\t\t\t\t\t\t\t\t\t\t\t\t<img decoding=\"async\" width=\"1005\" height=\"670\" src=\"https:\/\/weffragrances.com\/wp-content\/uploads\/2024\/08\/Sustainability.jpg\" class=\"attachment-full size-full wp-image-105\" alt=\"\" srcset=\"https:\/\/weffragrances.com\/wp-content\/uploads\/2024\/08\/Sustainability.jpg 1005w, https:\/\/weffragrances.com\/wp-content\/uploads\/2024\/08\/Sustainability-300x200.jpg 300w, https:\/\/weffragrances.com\/wp-content\/uploads\/2024\/08\/Sustainability-768x512.jpg 768w\" sizes=\"(max-width: 1005px) 100vw, 1005px\" \/>\t\t\t\t\t\t\t\t\t\t\t\t\t\t\t<\/div>\n\t\t\t\t<\/div>\n\t\t\t\t<div class=\"elementor-element elementor-element-6f7c11ed elementor-invisible elementor-widget elementor-widget-heading\" data-id=\"6f7c11ed\" data-element_type=\"widget\" data-settings=\"{&quot;_animation&quot;:&quot;fadeInUp&quot;}\" data-widget_type=\"heading.default\">\n\t\t\t\t<div class=\"elementor-widget-container\">\n\t\t\t\t\t<h3 class=\"elementor-heading-title elementor-size-default\">Nuestro compromiso con un futuro m\u00e1s verde<\/h3>\t\t\t\t<\/div>\n\t\t\t\t<\/div>\n\t\t\t\t<div class=\"elementor-element elementor-element-61254b13 elementor-invisible elementor-widget elementor-widget-heading\" data-id=\"61254b13\" data-element_type=\"widget\" data-settings=\"{&quot;_animation&quot;:&quot;fadeInUp&quot;}\" data-widget_type=\"heading.default\">\n\t\t\t\t<div class=\"elementor-widget-container\">\n\t\t\t\t\t<p class=\"elementor-heading-title elementor-size-default\">En WEF, nos dedicamos a aplicar pr\u00e1cticas sostenibles que protegen nuestro planeta. Desde la obtenci\u00f3n de materias primas hasta la producci\u00f3n y el envasado, nos esforzamos por minimizar nuestro impacto ambiental. Descubra m\u00e1s\nsobre nuestras iniciativas de sostenibilidad y c\u00f3mo estamos marcando la diferencia.<\/p>\t\t\t\t<\/div>\n\t\t\t\t<\/div>\n\t\t\t\t\t<\/div>\n\t\t\t\t<\/div>\n\t\t\t\t<\/div>\n\t\t","protected":false},"excerpt":{"rendered":"<p>Sostenibilidad Nuestro compromiso con un futuro m\u00e1s verde En WEF, nos dedicamos a aplicar pr\u00e1cticas sostenibles que protegen nuestro planeta. Desde la obtenci\u00f3n de materias primas hasta la producci\u00f3n y el envasado, nos esforzamos por minimizar nuestro impacto ambiental. Descubra m\u00e1s sobre nuestras iniciativas de sostenibilidad y c\u00f3mo estamos marcando la diferencia.<\/p>\n","protected":false},"author":1,"featured_media":0,"parent":0,"menu_order":0,"comment_status":"closed","ping_status":"closed","template":"elementor_header_footer","meta":{"_acf_changed":false,"footnotes":""},"class_list":["post-635","page","type-page","status-publish","hentry"],"acf":[],"_links":{"self":[{"href":"https:\/\/weffragrances.com\/es\/wp-json\/wp\/v2\/pages\/635","targetHints":{"allow":["GET"]}}],"collection":[{"href":"https:\/\/weffragrances.com\/es\/wp-json\/wp\/v2\/pages"}],"about":[{"href":"https:\/\/weffragrances.com\/es\/wp-json\/wp\/v2\/types\/page"}],"author":[{"embeddable":true,"href":"https:\/\/weffragrances.com\/es\/wp-json\/wp\/v2\/users\/1"}],"replies":[{"embeddable":true,"href":"https:\/\/weffragrances.com\/es\/wp-json\/wp\/v2\/comments?post=635"}],"version-history":[{"count":4,"href":"https:\/\/weffragrances.com\/es\/wp-json\/wp\/v2\/pages\/635\/revisions"}],"predecessor-version":[{"id":662,"href":"https:\/\/weffragrances.com\/es\/wp-json\/wp\/v2\/pages\/635\/revisions\/662"}],"wp:attachment":[{"href":"https:\/\/weffragrances.com\/es\/wp-json\/wp\/v2\/media?parent=635"}],"curies":[{"name":"wp","href":"https:\/\/api.w.org\/{rel}","templated":true}]}}