{"id":636,"date":"2024-08-13T18:59:23","date_gmt":"2024-08-13T18:59:23","guid":{"rendered":"https:\/\/weffragrances.com\/research-development\/"},"modified":"2024-09-28T17:07:22","modified_gmt":"2024-09-28T17:07:22","slug":"research-development","status":"publish","type":"page","link":"https:\/\/weffragrances.com\/es\/research-development\/","title":{"rendered":"Investigaci\u00f3n y desarrollo"},"content":{"rendered":"\t\t<div data-elementor-type=\"wp-page\" data-elementor-id=\"636\" class=\"elementor elementor-636 elementor-85\" data-elementor-post-type=\"page\">\n\t\t\t\t<div class=\"elementor-element elementor-element-25bdd4b e-con-full e-flex e-con e-parent\" data-id=\"25bdd4b\" data-element_type=\"container\">\n\t\t\t\t<div class=\"elementor-element elementor-element-a39e491 elementor-widget elementor-widget-image\" data-id=\"a39e491\" data-element_type=\"widget\" data-widget_type=\"image.default\">\n\t\t\t\t<div class=\"elementor-widget-container\">\n\t\t\t\t\t\t\t\t\t\t\t\t\t\t\t<img fetchpriority=\"high\" decoding=\"async\" width=\"1281\" height=\"655\" src=\"https:\/\/weffragrances.com\/wp-content\/uploads\/2024\/08\/Research-Development-cover.jpg\" class=\"attachment-full size-full wp-image-87\" alt=\"\" srcset=\"https:\/\/weffragrances.com\/wp-content\/uploads\/2024\/08\/Research-Development-cover.jpg 1281w, https:\/\/weffragrances.com\/wp-content\/uploads\/2024\/08\/Research-Development-cover-300x153.jpg 300w, https:\/\/weffragrances.com\/wp-content\/uploads\/2024\/08\/Research-Development-cover-1024x524.jpg 1024w, https:\/\/weffragrances.com\/wp-content\/uploads\/2024\/08\/Research-Development-cover-768x393.jpg 768w\" sizes=\"(max-width: 1281px) 100vw, 1281px\" \/>\t\t\t\t\t\t\t\t\t\t\t\t\t\t\t<\/div>\n\t\t\t\t<\/div>\n\t\t\t\t<\/div>\n\t\t<div class=\"elementor-element elementor-element-013fbb6 e-flex e-con-boxed e-con e-parent\" data-id=\"013fbb6\" data-element_type=\"container\">\n\t\t\t\t\t<div class=\"e-con-inner\">\n\t\t\t\t<div class=\"elementor-element elementor-element-3ffcc26 elementor-invisible elementor-widget elementor-widget-heading\" data-id=\"3ffcc26\" data-element_type=\"widget\" data-settings=\"{&quot;_animation&quot;:&quot;fadeInUp&quot;}\" data-widget_type=\"heading.default\">\n\t\t\t\t<div class=\"elementor-widget-container\">\n\t\t\t\t\t<h1 class=\"elementor-heading-title elementor-size-default\">Investigaci\u00f3n y desarrollo<\/h1>\t\t\t\t<\/div>\n\t\t\t\t<\/div>\n\t\t\t\t<div class=\"elementor-element elementor-element-3f792f7 elementor-invisible elementor-widget elementor-widget-image\" data-id=\"3f792f7\" data-element_type=\"widget\" data-settings=\"{&quot;_animation&quot;:&quot;fadeIn&quot;}\" data-widget_type=\"image.default\">\n\t\t\t\t<div class=\"elementor-widget-container\">\n\t\t\t\t\t\t\t\t\t\t\t\t\t\t\t<img decoding=\"async\" width=\"1005\" height=\"670\" src=\"https:\/\/weffragrances.com\/wp-content\/uploads\/2024\/08\/Research-Development.jpg\" class=\"attachment-full size-full wp-image-88\" alt=\"\" srcset=\"https:\/\/weffragrances.com\/wp-content\/uploads\/2024\/08\/Research-Development.jpg 1005w, https:\/\/weffragrances.com\/wp-content\/uploads\/2024\/08\/Research-Development-300x200.jpg 300w, https:\/\/weffragrances.com\/wp-content\/uploads\/2024\/08\/Research-Development-768x512.jpg 768w\" sizes=\"(max-width: 1005px) 100vw, 1005px\" \/>\t\t\t\t\t\t\t\t\t\t\t\t\t\t\t<\/div>\n\t\t\t\t<\/div>\n\t\t\t\t<div class=\"elementor-element elementor-element-5708559 elementor-invisible elementor-widget elementor-widget-heading\" data-id=\"5708559\" data-element_type=\"widget\" data-settings=\"{&quot;_animation&quot;:&quot;fadeInUp&quot;}\" data-widget_type=\"heading.default\">\n\t\t\t\t<div class=\"elementor-widget-container\">\n\t\t\t\t\t<h3 class=\"elementor-heading-title elementor-size-default\">Innovando para el futuro<\/h3>\t\t\t\t<\/div>\n\t\t\t\t<\/div>\n\t\t\t\t<div class=\"elementor-element elementor-element-dc0dc6f elementor-invisible elementor-widget elementor-widget-heading\" data-id=\"dc0dc6f\" data-element_type=\"widget\" data-settings=\"{&quot;_animation&quot;:&quot;fadeInUp&quot;}\" data-widget_type=\"heading.default\">\n\t\t\t\t<div class=\"elementor-widget-container\">\n\t\t\t\t\t<p class=\"elementor-heading-title elementor-size-default\">Nuestro equipo de I+D est\u00e1 a la vanguardia de la innovaci\u00f3n en fragancias. Invertimos en tecnolog\u00edas avanzadas e\ninvestigaci\u00f3n para desarrollar aromas nuevos y fascinantes. Obtenga m\u00e1s informaci\u00f3n sobre nuestros \u00faltimos proyectos y\navances en el mundo de las fragancias.<\/p>\t\t\t\t<\/div>\n\t\t\t\t<\/div>\n\t\t\t\t\t<\/div>\n\t\t\t\t<\/div>\n\t\t\t\t<\/div>\n\t\t","protected":false},"excerpt":{"rendered":"<p>Investigaci\u00f3n y desarrollo Innovando para el futuro Nuestro equipo de I+D est\u00e1 a la vanguardia de la innovaci\u00f3n en fragancias. Invertimos en tecnolog\u00edas avanzadas e investigaci\u00f3n para desarrollar aromas nuevos y fascinantes. Obtenga m\u00e1s informaci\u00f3n sobre nuestros \u00faltimos proyectos y avances en el mundo de las fragancias.<\/p>\n","protected":false},"author":1,"featured_media":0,"parent":0,"menu_order":0,"comment_status":"closed","ping_status":"closed","template":"elementor_header_footer","meta":{"_acf_changed":false,"footnotes":""},"class_list":["post-636","page","type-page","status-publish","hentry"],"acf":[],"_links":{"self":[{"href":"https:\/\/weffragrances.com\/es\/wp-json\/wp\/v2\/pages\/636","targetHints":{"allow":["GET"]}}],"collection":[{"href":"https:\/\/weffragrances.com\/es\/wp-json\/wp\/v2\/pages"}],"about":[{"href":"https:\/\/weffragrances.com\/es\/wp-json\/wp\/v2\/types\/page"}],"author":[{"embeddable":true,"href":"https:\/\/weffragrances.com\/es\/wp-json\/wp\/v2\/users\/1"}],"replies":[{"embeddable":true,"href":"https:\/\/weffragrances.com\/es\/wp-json\/wp\/v2\/comments?post=636"}],"version-history":[{"count":4,"href":"https:\/\/weffragrances.com\/es\/wp-json\/wp\/v2\/pages\/636\/revisions"}],"predecessor-version":[{"id":657,"href":"https:\/\/weffragrances.com\/es\/wp-json\/wp\/v2\/pages\/636\/revisions\/657"}],"wp:attachment":[{"href":"https:\/\/weffragrances.com\/es\/wp-json\/wp\/v2\/media?parent=636"}],"curies":[{"name":"wp","href":"https:\/\/api.w.org\/{rel}","templated":true}]}}